{"id":4499,"date":"2020-04-17T17:58:00","date_gmt":"2020-04-17T21:58:00","guid":{"rendered":"http:\/\/murialdo.cl\/?post_type=product&#038;p=4499"},"modified":"2022-02-08T16:31:39","modified_gmt":"2022-02-08T19:31:39","slug":"rollo-plastico-burbuja-de-aire-5-metros","status":"publish","type":"product","link":"https:\/\/murialdo.cl\/?product=rollo-plastico-burbuja-de-aire-5-metros","title":{"rendered":"ROLLO PL\u00c1STICO BURBUJA DE AIRE X METRO"},"content":{"rendered":"<h4><strong>Embala con cuidado y seguridad tus art\u00edculos mas delicados y fr\u00e1giles sin temor a que se rompan por ca\u00eddas o golpes, utilizando para ello <span style=\"font-size: 20.8px;\">Pl\u00e1stico<\/span> de Burbujas<\/strong><\/h4>\n<ul>\n<li>\n<h4><strong>El pl\u00e1stico de burbujas es un producto de fabricaci\u00f3n propia con los mejores materiales, que lo convierte en un material 100% re utilizable y reciclable, siendo as\u00ed amigable con el medio ambiente.<\/strong><\/h4>\n<\/li>\n<\/ul>\n","protected":false},"excerpt":{"rendered":"<p>Embala con cuidado y seguridad tus art\u00edculos mas delicados y fr\u00e1giles sin temor a que se rompan por ca\u00eddas o golpes, utilizando para ello Pl\u00e1stico de Burbujas El pl\u00e1stico de burbujas es un producto de fabricaci\u00f3n propia con los mejores materiales, que lo convierte en un material 100% re utilizable y reciclable, siendo as\u00ed amigable &hellip;<\/p>\n<p class=\"read-more\"> <a class=\"\" href=\"https:\/\/murialdo.cl\/?product=rollo-plastico-burbuja-de-aire-5-metros\"> <span class=\"screen-reader-text\">ROLLO PL\u00c1STICO BURBUJA DE AIRE X METRO<\/span> Leer m\u00e1s &raquo;<\/a><\/p>\n","protected":false},"featured_media":4582,"template":"","meta":{"site-sidebar-layout":"default","site-content-layout":"default","ast-main-header-display":"","ast-hfb-above-header-display":"","ast-hfb-below-header-display":"","ast-hfb-mobile-header-display":"","site-post-title":"","ast-breadcrumbs-content":"","ast-featured-img":"","footer-sml-layout":"","theme-transparent-header-meta":"default","adv-header-id-meta":"","stick-header-meta":"","header-above-stick-meta":"","header-main-stick-meta":"","header-below-stick-meta":""},"product_cat":[26],"product_tag":[],"_links":{"self":[{"href":"https:\/\/murialdo.cl\/index.php?rest_route=\/wp\/v2\/product\/4499"}],"collection":[{"href":"https:\/\/murialdo.cl\/index.php?rest_route=\/wp\/v2\/product"}],"about":[{"href":"https:\/\/murialdo.cl\/index.php?rest_route=\/wp\/v2\/types\/product"}],"wp:featuredmedia":[{"embeddable":true,"href":"https:\/\/murialdo.cl\/index.php?rest_route=\/wp\/v2\/media\/4582"}],"wp:attachment":[{"href":"https:\/\/murialdo.cl\/index.php?rest_route=%2Fwp%2Fv2%2Fmedia&parent=4499"}],"wp:term":[{"taxonomy":"product_cat","embeddable":true,"href":"https:\/\/murialdo.cl\/index.php?rest_route=%2Fwp%2Fv2%2Fproduct_cat&post=4499"},{"taxonomy":"product_tag","embeddable":true,"href":"https:\/\/murialdo.cl\/index.php?rest_route=%2Fwp%2Fv2%2Fproduct_tag&post=4499"}],"curies":[{"name":"wp","href":"https:\/\/api.w.org\/{rel}","templated":true}]}}