{"id":4608,"date":"2020-04-21T20:06:46","date_gmt":"2020-04-22T00:06:46","guid":{"rendered":"http:\/\/murialdo.cl\/?post_type=product&#038;p=4608"},"modified":"2022-02-08T16:28:00","modified_gmt":"2022-02-08T19:28:00","slug":"cobertor-de-piscina-coberplast","status":"publish","type":"product","link":"https:\/\/murialdo.cl\/?product=cobertor-de-piscina-coberplast","title":{"rendered":"COBERTOR DE PISCINA COBERPLAST"},"content":{"rendered":"<h5><strong>COBERTORES DE PISCINA (COBERPLAST): Cobertor pl\u00e1stico de burbujas. La nueva soluci\u00f3n que protege su piscina los 365 d\u00edas del a\u00f1o.<\/strong><\/h5>\n<h5><strong>COBERPLAST<\/strong><\/h5>\n<ul>\n<li>\n<h5><strong>Mantiene su piscina siempre limpia.<\/strong><\/h5>\n<\/li>\n<li>\n<h5><strong>Controla la temperatura del Agua.<\/strong><\/h5>\n<\/li>\n<li>\n<h5><strong>Disminuye la Evaporaci\u00f3n.<\/strong><\/h5>\n<\/li>\n<li>\n<h5><strong>Fabricado con Aditivo UV.<\/strong><\/h5>\n<\/li>\n<li>\n<h5><strong>Color azul especial que evita el paso de las luz y la proliferaci\u00f3n de algas.<\/strong><\/h5>\n<\/li>\n<li>\n<h5><strong>Banda Protectora que da seguridad al sello.<\/strong><\/h5>\n<\/li>\n<li>\n<h5><strong>En Invierno regula gastos de mantenci\u00f3n (Cloro y Energ\u00eda El\u00e9ctrica)<\/strong><\/h5>\n<\/li>\n<\/ul>\n","protected":false},"excerpt":{"rendered":"<p>COBERTORES DE PISCINA (COBERPLAST): Cobertor pl\u00e1stico de burbujas. La nueva soluci\u00f3n que protege su piscina los 365 d\u00edas del a\u00f1o. COBERPLAST Mantiene su piscina siempre limpia. Controla la temperatura del Agua. Disminuye la Evaporaci\u00f3n. Fabricado con Aditivo UV. Color azul especial que evita el paso de las luz y la proliferaci\u00f3n de algas. Banda Protectora &hellip;<\/p>\n<p class=\"read-more\"> <a class=\"\" href=\"https:\/\/murialdo.cl\/?product=cobertor-de-piscina-coberplast\"> <span class=\"screen-reader-text\">COBERTOR DE PISCINA COBERPLAST<\/span> Leer m\u00e1s &raquo;<\/a><\/p>\n","protected":false},"featured_media":4616,"template":"","meta":{"site-sidebar-layout":"default","site-content-layout":"default","ast-main-header-display":"","ast-hfb-above-header-display":"","ast-hfb-below-header-display":"","ast-hfb-mobile-header-display":"","site-post-title":"","ast-breadcrumbs-content":"","ast-featured-img":"","footer-sml-layout":"","theme-transparent-header-meta":"default","adv-header-id-meta":"","stick-header-meta":"","header-above-stick-meta":"","header-main-stick-meta":"","header-below-stick-meta":""},"product_cat":[27],"product_tag":[],"_links":{"self":[{"href":"https:\/\/murialdo.cl\/index.php?rest_route=\/wp\/v2\/product\/4608"}],"collection":[{"href":"https:\/\/murialdo.cl\/index.php?rest_route=\/wp\/v2\/product"}],"about":[{"href":"https:\/\/murialdo.cl\/index.php?rest_route=\/wp\/v2\/types\/product"}],"wp:featuredmedia":[{"embeddable":true,"href":"https:\/\/murialdo.cl\/index.php?rest_route=\/wp\/v2\/media\/4616"}],"wp:attachment":[{"href":"https:\/\/murialdo.cl\/index.php?rest_route=%2Fwp%2Fv2%2Fmedia&parent=4608"}],"wp:term":[{"taxonomy":"product_cat","embeddable":true,"href":"https:\/\/murialdo.cl\/index.php?rest_route=%2Fwp%2Fv2%2Fproduct_cat&post=4608"},{"taxonomy":"product_tag","embeddable":true,"href":"https:\/\/murialdo.cl\/index.php?rest_route=%2Fwp%2Fv2%2Fproduct_tag&post=4608"}],"curies":[{"name":"wp","href":"https:\/\/api.w.org\/{rel}","templated":true}]}}