{"id":4617,"date":"2020-04-21T22:26:10","date_gmt":"2020-04-22T02:26:10","guid":{"rendered":"http:\/\/murialdo.cl\/?post_type=product&#038;p=4617"},"modified":"2022-02-08T16:29:06","modified_gmt":"2022-02-08T19:29:06","slug":"cortes-plasticos-burbujas-para-bings","status":"publish","type":"product","link":"https:\/\/murialdo.cl\/?product=cortes-plasticos-burbujas-para-bings","title":{"rendered":"CORTES PL\u00c1STICOS BURBUJAS PARA BINGS"},"content":{"rendered":"<p><strong>Una de las tantas \u00e1reas que se abastece de este producto, es el \u00e1rea Agr\u00edcola,\u00a0 que se puede aplicar en el caso de los Bings, de esta forma se\u00a0 cuida la fruta de exportaci\u00f3n,\u00a0 absorbiendo los golpes con\u00a0 la delicadeza del Aire comprimido de las burbujas.<\/strong><\/p>\n","protected":false},"excerpt":{"rendered":"<p>Una de las tantas \u00e1reas que se abastece de este producto, es el \u00e1rea Agr\u00edcola,\u00a0 que se puede aplicar en el caso de los Bings, de esta forma se\u00a0 cuida la fruta de exportaci\u00f3n,\u00a0 absorbiendo los golpes con\u00a0 la delicadeza del Aire comprimido de las burbujas.<\/p>\n","protected":false},"featured_media":4623,"template":"","meta":{"site-sidebar-layout":"default","site-content-layout":"default","ast-main-header-display":"","ast-hfb-above-header-display":"","ast-hfb-below-header-display":"","ast-hfb-mobile-header-display":"","site-post-title":"","ast-breadcrumbs-content":"","ast-featured-img":"","footer-sml-layout":"","theme-transparent-header-meta":"default","adv-header-id-meta":"","stick-header-meta":"","header-above-stick-meta":"","header-main-stick-meta":"","header-below-stick-meta":""},"product_cat":[15],"product_tag":[],"_links":{"self":[{"href":"https:\/\/murialdo.cl\/index.php?rest_route=\/wp\/v2\/product\/4617"}],"collection":[{"href":"https:\/\/murialdo.cl\/index.php?rest_route=\/wp\/v2\/product"}],"about":[{"href":"https:\/\/murialdo.cl\/index.php?rest_route=\/wp\/v2\/types\/product"}],"wp:featuredmedia":[{"embeddable":true,"href":"https:\/\/murialdo.cl\/index.php?rest_route=\/wp\/v2\/media\/4623"}],"wp:attachment":[{"href":"https:\/\/murialdo.cl\/index.php?rest_route=%2Fwp%2Fv2%2Fmedia&parent=4617"}],"wp:term":[{"taxonomy":"product_cat","embeddable":true,"href":"https:\/\/murialdo.cl\/index.php?rest_route=%2Fwp%2Fv2%2Fproduct_cat&post=4617"},{"taxonomy":"product_tag","embeddable":true,"href":"https:\/\/murialdo.cl\/index.php?rest_route=%2Fwp%2Fv2%2Fproduct_tag&post=4617"}],"curies":[{"name":"wp","href":"https:\/\/api.w.org\/{rel}","templated":true}]}}